{"id":36,"date":"2026-04-17T08:22:50","date_gmt":"2026-04-17T08:22:50","guid":{"rendered":"https:\/\/swelbry.link\/?page_id=36"},"modified":"2026-04-17T08:22:53","modified_gmt":"2026-04-17T08:22:53","slug":"uso-de-cookies-digitales","status":"publish","type":"page","link":"https:\/\/swelbry.link\/?page_id=36","title":{"rendered":"Uso de Cookies Digitales"},"content":{"rendered":"\n<p>Para que tu navegaci\u00f3n por la web de <strong>swelbry<\/strong> sea tan r\u00e1pida como un remate de derecha, utilizamos cookies. Aqu\u00ed te presentamos nuestra &#8220;Paleta Tecnol\u00f3gica&#8221;: las herramientas que nos ayudan a que el sitio cargue mejor y te muestre lo que realmente te interesa sobre el tenis de mesa en Mendoza.<\/p>\n\n\n\n<h3 class=\"wp-block-heading\">Desglose de Herramientas Web<\/h3>\n\n\n\n<ul class=\"wp-block-list\">\n<li><strong>Cookies de Servicio:<\/strong> Son las &#8220;bases&#8221; del sitio. Permiten que el formulario de contacto funcione y que puedas ver los horarios de las mesas sin errores.<\/li>\n\n\n\n<li><strong>Cookies de An\u00e1lisis:<\/strong> Nos ayudan a saber si los socios prefieren leer sobre t\u00e9cnica o sobre los nuevos torneos en Las Heras. As\u00ed, Violeta puede crear mejor contenido para vos.<\/li>\n\n\n\n<li><strong>Cookies de Seguridad:<\/strong> Protegen nuestra casilla <strong>help@swelbry.link<\/strong> de correos no deseados o ataques digitales.<\/li>\n<\/ul>\n\n\n\n<h3 class=\"wp-block-heading\">Tabla de Ingredientes Digitales<\/h3>\n\n\n\n<figure class=\"wp-block-table\"><table class=\"has-fixed-layout\"><thead><tr><td><strong>Herramienta<\/strong><\/td><td><strong>Funci\u00f3n<\/strong><\/td><td><strong>Duraci\u00f3n<\/strong><\/td><\/tr><\/thead><tbody><tr><td><strong>swb_auth<\/strong><\/td><td>Mantiene tu sesi\u00f3n de socio abierta<\/td><td>Fin de la visita<\/td><\/tr><tr><td><strong>swb_stats<\/strong><\/td><td>Analiza qu\u00e9 categor\u00edas de juego visit\u00e1s<\/td><td>30 d\u00edas<\/td><\/tr><tr><td><strong>swb_shield<\/strong><\/td><td>Filtra spam y protege tus mensajes<\/td><td>6 meses<\/td><\/tr><\/tbody><\/table><\/figure>\n","protected":false},"excerpt":{"rendered":"<p>Para que tu navegaci\u00f3n por la web de swelbry sea tan r\u00e1pida como un remate de derecha, utilizamos cookies. Aqu\u00ed te presentamos nuestra &#8220;Paleta Tecnol\u00f3gica&#8221;: las herramientas que nos ayudan a que el sitio cargue mejor y te muestre lo que realmente te interesa sobre el tenis de mesa en Mendoza. Desglose de Herramientas Web [&hellip;]<\/p>\n","protected":false},"author":1,"featured_media":0,"parent":0,"menu_order":9,"comment_status":"closed","ping_status":"closed","template":"","meta":{"footnotes":""},"class_list":["post-36","page","type-page","status-publish","hentry"],"_links":{"self":[{"href":"https:\/\/swelbry.link\/index.php?rest_route=\/wp\/v2\/pages\/36","targetHints":{"allow":["GET"]}}],"collection":[{"href":"https:\/\/swelbry.link\/index.php?rest_route=\/wp\/v2\/pages"}],"about":[{"href":"https:\/\/swelbry.link\/index.php?rest_route=\/wp\/v2\/types\/page"}],"author":[{"embeddable":true,"href":"https:\/\/swelbry.link\/index.php?rest_route=\/wp\/v2\/users\/1"}],"replies":[{"embeddable":true,"href":"https:\/\/swelbry.link\/index.php?rest_route=%2Fwp%2Fv2%2Fcomments&post=36"}],"version-history":[{"count":1,"href":"https:\/\/swelbry.link\/index.php?rest_route=\/wp\/v2\/pages\/36\/revisions"}],"predecessor-version":[{"id":37,"href":"https:\/\/swelbry.link\/index.php?rest_route=\/wp\/v2\/pages\/36\/revisions\/37"}],"wp:attachment":[{"href":"https:\/\/swelbry.link\/index.php?rest_route=%2Fwp%2Fv2%2Fmedia&parent=36"}],"curies":[{"name":"wp","href":"https:\/\/api.w.org\/{rel}","templated":true}]}}